{"id":1133,"date":"2019-05-28T14:14:53","date_gmt":"2019-05-28T18:14:53","guid":{"rendered":"https:\/\/lacecho.com\/?page_id=1133"},"modified":"2020-05-26T17:11:23","modified_gmt":"2020-05-26T21:11:23","slug":"administrative-life","status":"publish","type":"page","link":"https:\/\/lacecho.com\/en\/administrative-life\/","title":{"rendered":"ADMINISTRATIVE LIFE"},"content":{"rendered":"<p>The Echo Lake Owners Association of Morin-Heights is a not-for-profit corporation described as a civic and friendly organization. It has been registered (Quebec) since 1996. <\/p>\n<p>To be a member and to obtain a vote at the annual meeting, you must own a property near or on the lake and pay the annual dues.   Members meet at a general meeting once a year, usually in May or June. Members elect a six- or seven-person board of directors. <\/p>\n<p>Each year, the Board reports to the general meeting. An Environment Committee is formed by three or four directors. <\/p>\n<p>The annual dues are $125 payable by Interac transfer using email address admin@lacecho.com or cheque to  APL\u00c9 or Association des propri\u00e9taires du lac \u00c9cho, Morin Heights.<\/p>\n<p>&nbsp;<\/p>\n<p><strong>THE ECHO LAKE OWNERS ASSOCIATION<\/strong><br \/>\nChecks can be collected at the time of the annual meeting or mailed to:<\/p>\n<p>Echo Lake Owners Association, Morin Heights<br \/>\n206-1693, Saint-Patrick street<br \/>\nMontreal, Quebec H3K 3G9<\/p>\n<p>&nbsp;<\/p>\n<p><strong>Special Contribution for the protection of the environment <\/strong><\/p>\n<p>The Association invites its members to make a direct contribution to the environmental account. Funds raised in addition to the annual dues are recorded separately and are dedicated to expenses exclusively related to the environmental protection of Echo Lake. A budget and an account of these expenses are presented by the Board of Directors to its members at the annual general meeting.<\/p>\n<p>&nbsp;<\/p>\n","protected":false},"excerpt":{"rendered":"<p>The Echo Lake Owners Association of Morin-Heights is a not-for-profit corporation described as a civic and friendly organization. It has been registered (Quebec) since 1996. To be a member and to obtain a vote at the annual meeting, you must own a property near or on the lake and pay the annual dues. Members meet [&hellip;]<\/p>\n","protected":false},"author":1,"featured_media":0,"parent":0,"menu_order":0,"comment_status":"closed","ping_status":"closed","template":"","meta":{"_genesis_hide_title":false,"_genesis_hide_breadcrumbs":false,"_genesis_hide_singular_image":false,"_genesis_hide_footer_widgets":false,"_genesis_custom_body_class":"vie-administrative","_genesis_custom_post_class":"","_genesis_layout":"full-width-content","footnotes":""},"class_list":{"0":"post-1133","1":"page","2":"type-page","3":"status-publish","5":"entry"},"yoast_head":"<!-- This site is optimized with the Yoast SEO plugin v25.6 - https:\/\/yoast.com\/wordpress\/plugins\/seo\/ -->\n<title>ADMINISTRATIVE LIFE | Lac Echo<\/title>\n<meta name=\"robots\" content=\"index, follow, max-snippet:-1, max-image-preview:large, max-video-preview:-1\" \/>\n<link rel=\"canonical\" href=\"https:\/\/lacecho.com\/en\/administrative-life\/\" \/>\n<meta property=\"og:locale\" content=\"en_US\" \/>\n<meta property=\"og:type\" content=\"article\" \/>\n<meta property=\"og:title\" content=\"ADMINISTRATIVE LIFE | Lac Echo\" \/>\n<meta property=\"og:description\" content=\"The Echo Lake Owners Association of Morin-Heights is a not-for-profit corporation described as a civic and friendly organization. It has been registered (Quebec) since 1996. To be a member and to obtain a vote at the annual meeting, you must own a property near or on the lake and pay the annual dues. Members meet [&hellip;]\" \/>\n<meta property=\"og:url\" content=\"https:\/\/lacecho.com\/en\/administrative-life\/\" \/>\n<meta property=\"og:site_name\" content=\"Lac Echo\" \/>\n<meta property=\"article:modified_time\" content=\"2020-05-26T21:11:23+00:00\" \/>\n<meta name=\"twitter:label1\" content=\"Est. reading time\" \/>\n\t<meta name=\"twitter:data1\" content=\"1 minute\" \/>\n<script type=\"application\/ld+json\" class=\"yoast-schema-graph\">{\"@context\":\"https:\/\/schema.org\",\"@graph\":[{\"@type\":\"WebPage\",\"@id\":\"https:\/\/lacecho.com\/en\/administrative-life\/\",\"url\":\"https:\/\/lacecho.com\/en\/administrative-life\/\",\"name\":\"ADMINISTRATIVE LIFE | Lac Echo\",\"isPartOf\":{\"@id\":\"http:\/\/lacecho.wph-adidas.codepublish.ca\/#website\"},\"datePublished\":\"2019-05-28T18:14:53+00:00\",\"dateModified\":\"2020-05-26T21:11:23+00:00\",\"breadcrumb\":{\"@id\":\"https:\/\/lacecho.com\/en\/administrative-life\/#breadcrumb\"},\"inLanguage\":\"en-US\",\"potentialAction\":[{\"@type\":\"ReadAction\",\"target\":[\"https:\/\/lacecho.com\/en\/administrative-life\/\"]}]},{\"@type\":\"BreadcrumbList\",\"@id\":\"https:\/\/lacecho.com\/en\/administrative-life\/#breadcrumb\",\"itemListElement\":[{\"@type\":\"ListItem\",\"position\":1,\"name\":\"Home\",\"item\":\"http:\/\/lacecho.wph-adidas.codepublish.ca\/\"},{\"@type\":\"ListItem\",\"position\":2,\"name\":\"ADMINISTRATIVE LIFE\"}]},{\"@type\":\"WebSite\",\"@id\":\"http:\/\/lacecho.wph-adidas.codepublish.ca\/#website\",\"url\":\"http:\/\/lacecho.wph-adidas.codepublish.ca\/\",\"name\":\"Lac Echo\",\"description\":\"\",\"potentialAction\":[{\"@type\":\"SearchAction\",\"target\":{\"@type\":\"EntryPoint\",\"urlTemplate\":\"http:\/\/lacecho.wph-adidas.codepublish.ca\/?s={search_term_string}\"},\"query-input\":{\"@type\":\"PropertyValueSpecification\",\"valueRequired\":true,\"valueName\":\"search_term_string\"}}],\"inLanguage\":\"en-US\"}]}<\/script>\n<!-- \/ Yoast SEO plugin. -->","yoast_head_json":{"title":"ADMINISTRATIVE LIFE | Lac Echo","robots":{"index":"index","follow":"follow","max-snippet":"max-snippet:-1","max-image-preview":"max-image-preview:large","max-video-preview":"max-video-preview:-1"},"canonical":"https:\/\/lacecho.com\/en\/administrative-life\/","og_locale":"en_US","og_type":"article","og_title":"ADMINISTRATIVE LIFE | Lac Echo","og_description":"The Echo Lake Owners Association of Morin-Heights is a not-for-profit corporation described as a civic and friendly organization. It has been registered (Quebec) since 1996. To be a member and to obtain a vote at the annual meeting, you must own a property near or on the lake and pay the annual dues. Members meet [&hellip;]","og_url":"https:\/\/lacecho.com\/en\/administrative-life\/","og_site_name":"Lac Echo","article_modified_time":"2020-05-26T21:11:23+00:00","twitter_misc":{"Est. reading time":"1 minute"},"schema":{"@context":"https:\/\/schema.org","@graph":[{"@type":"WebPage","@id":"https:\/\/lacecho.com\/en\/administrative-life\/","url":"https:\/\/lacecho.com\/en\/administrative-life\/","name":"ADMINISTRATIVE LIFE | Lac Echo","isPartOf":{"@id":"http:\/\/lacecho.wph-adidas.codepublish.ca\/#website"},"datePublished":"2019-05-28T18:14:53+00:00","dateModified":"2020-05-26T21:11:23+00:00","breadcrumb":{"@id":"https:\/\/lacecho.com\/en\/administrative-life\/#breadcrumb"},"inLanguage":"en-US","potentialAction":[{"@type":"ReadAction","target":["https:\/\/lacecho.com\/en\/administrative-life\/"]}]},{"@type":"BreadcrumbList","@id":"https:\/\/lacecho.com\/en\/administrative-life\/#breadcrumb","itemListElement":[{"@type":"ListItem","position":1,"name":"Home","item":"http:\/\/lacecho.wph-adidas.codepublish.ca\/"},{"@type":"ListItem","position":2,"name":"ADMINISTRATIVE LIFE"}]},{"@type":"WebSite","@id":"http:\/\/lacecho.wph-adidas.codepublish.ca\/#website","url":"http:\/\/lacecho.wph-adidas.codepublish.ca\/","name":"Lac Echo","description":"","potentialAction":[{"@type":"SearchAction","target":{"@type":"EntryPoint","urlTemplate":"http:\/\/lacecho.wph-adidas.codepublish.ca\/?s={search_term_string}"},"query-input":{"@type":"PropertyValueSpecification","valueRequired":true,"valueName":"search_term_string"}}],"inLanguage":"en-US"}]}},"_links":{"self":[{"href":"https:\/\/lacecho.com\/en\/wp-json\/wp\/v2\/pages\/1133"}],"collection":[{"href":"https:\/\/lacecho.com\/en\/wp-json\/wp\/v2\/pages"}],"about":[{"href":"https:\/\/lacecho.com\/en\/wp-json\/wp\/v2\/types\/page"}],"author":[{"embeddable":true,"href":"https:\/\/lacecho.com\/en\/wp-json\/wp\/v2\/users\/1"}],"replies":[{"embeddable":true,"href":"https:\/\/lacecho.com\/en\/wp-json\/wp\/v2\/comments?post=1133"}],"version-history":[{"count":3,"href":"https:\/\/lacecho.com\/en\/wp-json\/wp\/v2\/pages\/1133\/revisions"}],"predecessor-version":[{"id":3090,"href":"https:\/\/lacecho.com\/en\/wp-json\/wp\/v2\/pages\/1133\/revisions\/3090"}],"wp:attachment":[{"href":"https:\/\/lacecho.com\/en\/wp-json\/wp\/v2\/media?parent=1133"}],"curies":[{"name":"wp","href":"https:\/\/api.w.org\/{rel}","templated":true}]}}